{"id":4136,"date":"2022-01-08T19:48:44","date_gmt":"2022-01-08T19:48:44","guid":{"rendered":"https:\/\/mehdemohamad.com\/wordpress-themes\/real-estate-theme7\/%d8%aa%d9%88%d8%a7%d8%b5%d9%84-%d9%85%d8%b9%d9%86%d8%a7\/"},"modified":"2023-05-24T20:12:30","modified_gmt":"2023-05-24T20:12:30","slug":"%d8%aa%d9%88%d8%a7%d8%b5%d9%84-%d9%85%d8%b9%d9%86%d8%a7","status":"publish","type":"page","link":"https:\/\/optiononetr.com\/ar\/%d8%aa%d9%88%d8%a7%d8%b5%d9%84-%d9%85%d8%b9%d9%86%d8%a7\/","title":{"rendered":"\u062a\u0648\u0627\u0635\u0644 \u0645\u0639\u0646\u0627"},"content":{"rendered":"\n<h2 class=\"wp-block-heading\">\u062a\u0648\u0627\u0635\u0644 \u0645\u0639\u0646\u0627<\/h2>\n\n<div class=\"wp-block-columns is-layout-flex wp-container-core-columns-is-layout-9d6595d7 wp-block-columns-is-layout-flex\">\n<div class=\"wp-block-column is-layout-flow wp-block-column-is-layout-flow\">\n<p class=\"has-text-align-center has-medium-font-size\"><strong>Samer Hammami<\/strong><\/p>\n\n\n\n<p class=\"has-text-align-center has-text-color\" style=\"color:#6e7378\">\u0645\u0646\u062f\u0648\u0628 \u0645\u0628\u064a\u0639\u0627\u062a<\/p>\n\n\n\n<p class=\"has-text-align-center has-medium-font-size\">+90 536 032 23 37<\/p>\n\n\n\n<p class=\"has-text-align-center\">samer@optiononetr.com<\/p>\n<\/div>\n\n\n\n<div class=\"wp-block-column is-layout-flow wp-block-column-is-layout-flow\">\n<p class=\"has-text-align-center has-medium-font-size\"><strong>Muhammad Ali Akram<\/strong><\/p>\n\n\n\n<p class=\"has-text-align-center has-text-color\" style=\"color:#747e86\">\u0645\u0646\u062f\u0648\u0628 \u0645\u0628\u064a\u0639\u0627\u062a<\/p>\n\n\n\n<p class=\"has-text-align-center has-medium-font-size\">+90 552 499 68 76<\/p>\n\n\n\n<p class=\"has-text-align-center\">ali@optiononetr.com<\/p>\n<\/div>\n<\/div>\n\n        <div class=\"col-12 col-lg-8\">\n            <iframe src=\"https:\/\/www.google.com\/maps\/embed?pb=!1m14!1m8!1m3!1d48126.386659763535!2d28.595611211754047!3d41.071196700000016!3m2!1i1024!2i768!4f13.1!3m3!1m2!1s0x0%3A0x69efbcaa68648055!2z2LnZgtin2LHYp9iqINmB2Yog2KrYsdmD2YrYpy1PcHRpb24gT25lIFByb3BlcnR5!5e0!3m2!1str!2str!4v1664448618074!5m2!1str!2str\" width=\"100%\" height=\"450\" style=\"border:0;\" allowfullscreen=\"\" loading=\"lazy\" referrerpolicy=\"no-referrer-when-downgrade\"><\/iframe>\n        <\/div>\n        <div class=\"col-12 col-lg-4 text-center\">\n            <div class=\"row\">\n                <div class=\"col-md-12 col-sm-12 col-xs-12 text-center\">\n                    <div class=\"ctc-box border mb-2 pt-2\">\n        \t\t\t\t<span class=\"ctc-icon\">\n        \t\t\t\t\t<i class=\"bi bi-telephone-fill fs-3 text-main\" aria-hidden=\"true\"><\/i>\n        \t\t\t\t<\/span>\n        \t\t\t\t<p class=\"ltr fs-4\">+905360322337<\/p>\n        \t\t\t\t<p class=\"ltr\"><\/p>\n        \t\t\t<\/div>\n                <\/div>\n                <div class=\"col-md-12 col-sm-12 col-xs-12 text-center\">\n                    <div class=\"ctc-box border mb-2 pt-2\">\n        \t\t\t\t<span class=\"ctc-icon\">\n        \t\t\t\t\t<i class=\"bi bi-envelope fs-3 text-main\" aria-hidden=\"true\"><\/i>\n        \t\t\t\t<\/span>\n        \t\t\t\t<p class=\"ltr fs-4\">info@optiononetr.com<\/p>\n        \t\t\t<\/div>\n                <\/div>\n                <div class=\"col-md-12 col-sm-12 col-xs-12 text-center\">\n                    <div class=\"ctc-box border mb-2 pt-2\">\n        \t\t\t\t<span class=\"ctc-icon\">\n        \t\t\t\t\t<i class=\"bi bi-geo-alt fs-3 text-main\" aria-hidden=\"true\"><\/i>\n        \t\t\t\t<\/span>\n        \t\t\t\t<p class=\"ltr fs-6\">ALKENT 2000 MAH. HADIMKOY YOLU CAD. DEMIR LAVIDA EVLERI NO: 151 \/1,  34522 B\u00dcY\u00dcK\u00c7EKMECE, ISTANBUL TURKEY<\/p>\n        \t\t\t<\/div>\n                <\/div>\n            <\/div>\n        <\/div>\n    \n<div class=\"rank-math-contact-info show-name show-organization_description show-email show-address show-hours show-phone show-additional_info show-map\"><div class=\"rank-math-contact-section rank-math-contact-name\">\t\t<h4 class=\"rank-math-name\">\n\t\t\t<a href=\"https:\/\/optiononetr.com\">Option One Property<\/a>\n\t\t<\/h4>\n\t\t<\/div><div class=\"rank-math-contact-section rank-math-contact-organization_description\"><\/div><div class=\"rank-math-contact-section rank-math-contact-email\">\t\t<div class=\"rank-math-email\">\n\t\t\t<label>\u0627\u0644\u0628\u0631\u064a\u062f \u0627\u0644\u0625\u0644\u0643\u062a\u0631\u0648\u0646\u064a:<\/label>\n\t\t\t<a href=\"mailto:info@optiononetr.com\">info@optiononetr.com<\/a>\n\t\t<\/div>\n\t\t<\/div><div class=\"rank-math-contact-section rank-math-contact-address\">\t\t<label>\u0627\u0644\u0639\u0646\u0648\u0627\u0646:<\/label>\n\t\t<address><span class=\"contact-address-streetAddress\">ALKENT 2000 MAH.<\/span> <span class=\"contact-address-addressLocality\">HADIMKOY YOLU CAD. DEMIR LAVIDA EVLERI NO: 151 \/1<\/span>, <span class=\"contact-address-addressRegion\">B\u00dcY\u00dcK\u00c7EKMECE<\/span> <span class=\"contact-address-postalCode\">34522<\/span><\/address>\n\t\t<\/div><div class=\"rank-math-contact-section rank-math-contact-hours\">\t\t<label>\u0633\u0627\u0639\u0627\u062a:<\/label>\n\t\t<div class=\"rank-math-contact-hours-details\">\n\t\t\t<div class=\"rank-math-opening-hours\"><span class=\"rank-math-opening-days\">\u0627\u0644\u0625\u062b\u0646\u064a\u0646, \u0627\u0644\u062b\u0644\u0627\u062b\u0627\u0621, \u0627\u0644\u0623\u0631\u0628\u0639\u0627\u0621, \u0627\u0644\u062e\u0645\u064a\u0633, \u0627\u0644\u062c\u0645\u0639\u0629, \u0627\u0644\u0633\u0628\u062a<\/span><span class=\"rank-math-opening-time\">9:00 \u0635 &ndash; 6:00 \u0645<\/span><\/div><div class=\"rank-math-opening-hours\"><span class=\"rank-math-opening-days\">\u0627\u0644\u0623\u062d\u062f<\/span><span class=\"rank-math-opening-time\">Close<\/span><\/div>\t\t<\/div>\n\t\t<\/div><div class=\"rank-math-contact-section rank-math-contact-phone\">\t\t\t<div class=\"rank-math-phone-number type-customersupport\">\n\t\t\t\t<label>\u062e\u062f\u0645\u0647 \u0627\u0644\u0639\u0645\u0644\u0627\u0621:<\/label>\n\t\t\t\t<span><a href=\"tel:+90-536-032-2337\">+90-536-032-2337<\/a><\/span>\n\t\t\t<\/div>\n\t\t\t<\/div><div class=\"rank-math-contact-section rank-math-contact-additional_info\"><\/div><div class=\"rank-math-contact-section rank-math-contact-map\"><\/div><\/div><div class=\"clear\"><\/div>\n\n<p>\u064a\u0645\u0643\u0646\u0643 \u0627\u0644\u062a\u062d\u0642\u0642 \u0623\u064a\u0636\u064b\u0627 \u0645\u0646 <a href=\"https:\/\/optiononetr.com\/wp-admin\/post.php?post=6648&amp;action=edit&amp;lang=en\">\u0639\u0631\u0648\u0636 \u0627\u0644\u0639\u0642\u0627\u0631\u0627\u062a \u0627\u0644\u062a\u062c\u0627\u0631\u064a\u0629 \u0627\u0644\u062e\u0627\u0635\u0629 \u0628\u0646\u0627<\/a><\/p>\n","protected":false},"excerpt":{"rendered":"<p>\u062a\u0648\u0627\u0635\u0644 \u0645\u0639\u0646\u0627 Samer Hammami \u0645\u0646\u062f\u0648\u0628 \u0645\u0628\u064a\u0639\u0627\u062a +90 536 032 23 37 samer@optiononetr.com Muhammad Ali Akram \u0645\u0646\u062f\u0648\u0628 \u0645\u0628\u064a\u0639\u0627\u062a +90 552 499 &#8230; <\/p>\n","protected":false},"author":1,"featured_media":4784,"parent":0,"menu_order":0,"comment_status":"closed","ping_status":"closed","template":"","meta":{"_acf_changed":false,"footnotes":""},"class_list":["post-4136","page","type-page","status-publish","has-post-thumbnail","hentry"],"acf":[],"_links":{"self":[{"href":"https:\/\/optiononetr.com\/ar\/wp-json\/wp\/v2\/pages\/4136","targetHints":{"allow":["GET"]}}],"collection":[{"href":"https:\/\/optiononetr.com\/ar\/wp-json\/wp\/v2\/pages"}],"about":[{"href":"https:\/\/optiononetr.com\/ar\/wp-json\/wp\/v2\/types\/page"}],"author":[{"embeddable":true,"href":"https:\/\/optiononetr.com\/ar\/wp-json\/wp\/v2\/users\/1"}],"replies":[{"embeddable":true,"href":"https:\/\/optiononetr.com\/ar\/wp-json\/wp\/v2\/comments?post=4136"}],"version-history":[{"count":7,"href":"https:\/\/optiononetr.com\/ar\/wp-json\/wp\/v2\/pages\/4136\/revisions"}],"predecessor-version":[{"id":11338,"href":"https:\/\/optiononetr.com\/ar\/wp-json\/wp\/v2\/pages\/4136\/revisions\/11338"}],"wp:featuredmedia":[{"embeddable":true,"href":"https:\/\/optiononetr.com\/ar\/wp-json\/wp\/v2\/media\/4784"}],"wp:attachment":[{"href":"https:\/\/optiononetr.com\/ar\/wp-json\/wp\/v2\/media?parent=4136"}],"curies":[{"name":"wp","href":"https:\/\/api.w.org\/{rel}","templated":true}]}}